{"id":124,"date":"2019-02-04T15:49:55","date_gmt":"2019-02-04T15:49:55","guid":{"rendered":"http:\/\/johannesrosenstein.de\/?page_id=124"},"modified":"2025-05-30T09:49:02","modified_gmt":"2025-05-30T08:49:02","slug":"vita","status":"publish","type":"page","link":"http:\/\/johannesrosenstein.de\/?page_id=124","title":{"rendered":"Vita"},"content":{"rendered":"\n<p class=\"has-medium-font-size\">Johannes Rosenstein * Autor | Kamera | Regie<\/p>\n\n\n\n<p>Johannes Rosenstein, aufgewachsen in England, Tansania und Kenia, studierte an der Freien Universit\u00e4t Berlin Filmwissenschaften, Politologie und Soziologie auf Magister, bevor er an der Hochschule f\u00fcr Fernsehen und Film M\u00fcnchen sein Diplom im Bereich Dokumentarfilm und Fernsehpublizistik machte. Er arbeitete als Regieassistenz und Script\/Continuity f\u00fcr Kino-Produktionen, bevor er sich mit Regie-Kollege Ralf B\u00fccheler zusammenschloss und die Produktionsfirma <a href=\"http:\/\/www.royalfilmmakers.com\">Royal Filmmakers GmbH<\/a> gr\u00fcndete. Das B\u00fcro befindet sich in der Produktionsgemeinschaft der mars13studios und realisiert Kino- und TV-Dokumentarfilme, sowie Bildungs- und Lehrfilme f\u00fcr Universit\u00e4ten und Schulen, Imagefilme und Social Spots. Zus\u00e4tzlich arbeitet Johannes Rosenstein als freier Kameramann und Filmemacher f\u00fcr diverse Produktionsfirmen und Sender.<\/p>\n\n\n\n<p>Im Bereich Kamera ist Johannes Rosenstein vor allem im Bildungs- und Lehrfilmbereich t\u00e4tig. Als Autor hat er nicht nur f\u00fcr TV-Produktionen gearbeitet, sondern im Wissenschaftsbetrieb auch einige B\u00fccher \u00fcber afrikanisches Kino und die Filmszene in Hong Kong herausgegeben. Schwerpunkte seiner filmischen Arbeit als Regisseur sind sozialpolitische und religi\u00f6se Themen, Reiseportr\u00e4ts und Kinder-\/Jugendbelange, dokumentarisch wie fiktional. Er lebt in M\u00fcnchen und Berlin.<\/p>\n\n\n\n<p>Johannes Rosenstein ist Mitglied bei: <a href=\"https:\/\/www.dpv.org\" target=\"_blank\" rel=\"noreferrer noopener\">Deutscher Presse Verband e.V<\/a>.,  <a href=\"http:\/\/www.transmedia-bayern.org\">Transmedia Bayern e.V<\/a>., <a href=\"http:\/\/www.queermediasociety.org\">Queer Media Society<\/a>, <a href=\"http:\/\/www.asf-ev.de\">Aktion S\u00fchnezeichen Friedensdienste e.V.<\/a>, <a rel=\"noreferrer noopener\" href=\"https:\/\/forummuenchen.org\" target=\"_blank\">Forum Queeres Archiv M\u00fcnchen.<\/a><\/p>\n","protected":false},"excerpt":{"rendered":"<p>Johannes Rosenstein * Autor | Kamera | Regie Johannes Rosenstein, aufgewachsen in England, Tansania und Kenia, studierte an der Freien Universit\u00e4t Berlin Filmwissenschaften, Politologie und Soziologie auf Magister, bevor er [&hellip;]<\/p>\n","protected":false},"author":1,"featured_media":137,"parent":0,"menu_order":0,"comment_status":"closed","ping_status":"closed","template":"","meta":{"footnotes":""},"class_list":["post-124","page","type-page","status-publish","has-post-thumbnail","hentry"],"_links":{"self":[{"href":"http:\/\/johannesrosenstein.de\/index.php?rest_route=\/wp\/v2\/pages\/124","targetHints":{"allow":["GET"]}}],"collection":[{"href":"http:\/\/johannesrosenstein.de\/index.php?rest_route=\/wp\/v2\/pages"}],"about":[{"href":"http:\/\/johannesrosenstein.de\/index.php?rest_route=\/wp\/v2\/types\/page"}],"author":[{"embeddable":true,"href":"http:\/\/johannesrosenstein.de\/index.php?rest_route=\/wp\/v2\/users\/1"}],"replies":[{"embeddable":true,"href":"http:\/\/johannesrosenstein.de\/index.php?rest_route=%2Fwp%2Fv2%2Fcomments&post=124"}],"version-history":[{"count":13,"href":"http:\/\/johannesrosenstein.de\/index.php?rest_route=\/wp\/v2\/pages\/124\/revisions"}],"predecessor-version":[{"id":331,"href":"http:\/\/johannesrosenstein.de\/index.php?rest_route=\/wp\/v2\/pages\/124\/revisions\/331"}],"wp:featuredmedia":[{"embeddable":true,"href":"http:\/\/johannesrosenstein.de\/index.php?rest_route=\/wp\/v2\/media\/137"}],"wp:attachment":[{"href":"http:\/\/johannesrosenstein.de\/index.php?rest_route=%2Fwp%2Fv2%2Fmedia&parent=124"}],"curies":[{"name":"wp","href":"https:\/\/api.w.org\/{rel}","templated":true}]}}