{"id":13,"date":"2019-01-24T10:05:14","date_gmt":"2019-01-24T10:05:14","guid":{"rendered":"http:\/\/johannesrosenstein.de\/?page_id=13"},"modified":"2019-02-04T10:08:39","modified_gmt":"2019-02-04T10:08:39","slug":"impressum","status":"publish","type":"page","link":"http:\/\/johannesrosenstein.de\/?page_id=13","title":{"rendered":"Impressum \/ Datenschutzerkl\u00e4rung"},"content":{"rendered":"\n<p class=\"has-large-font-size\"><strong>DATENSCHUTZERKL\u00c4RUNG<\/strong><\/p>\n\n\n\n<h2 class=\"wp-block-heading\">Wer ich bin<\/h2>\n\n\n\n<p>Die Adresse der Website ist: http:\/\/johannesrosenstein.de. Johannes Rosenstein ist Filmemacher, Regisseur, Autor. Er lebt in M\u00fcnchen und Berlin. <\/p>\n\n\n\n<h2 class=\"wp-block-heading\">Welche personenbezogenen Daten wir sammeln und warum wir sie sammeln<\/h2>\n\n\n\n<p>Standardm\u00e4\u00dfig  sammelt diese Webseite  keine personenbezogenen Daten \u00fcber Benutzer und  sammelt nur die Daten, die im Profil eines registrierten Benutzers  angezeigt werden. <\/p>\n\n\n\n<h3 class=\"wp-block-heading\">Cookies<strong> <\/strong><br><\/h3>\n\n\n\n<p>Falls Sie ein Konto haben und sich auf dieser Website anmelden, werden wir ein  tempor\u00e4res Cookie setzen, um festzustellen, ob Ihr Browser Cookies  akzeptiert. Dieses Cookie enth\u00e4lt keine personenbezogenen Daten und wird  verworfen, wenn Sie Ihren Browser schlie\u00dfen.<\/p>\n\n\n\n<p>Wenn Sie sich anmelden, werden wir einige Cookies einrichten, um Ihre Anmeldeinformationen und Anzeigeoptionen zu speichern. Anmelde-Cookies  verfallen nach zwei Tagen und Cookies f\u00fcr die Anzeigeoptionen nach einem  Jahr. Falls Sie bei der Anmeldung \u201eAngemeldet bleiben\u201c ausw\u00e4hlst, wird  Ihre Anmeldung zwei Wochen lang aufrechterhalten. Mit der Abmeldung aus  Ihrem Konto werden die Anmelde-Cookies gel\u00f6scht.<\/p>\n\n\n\n<p>Wenn Sie einen  Artikel bearbeiten oder ver\u00f6ffentlichen, wird ein zus\u00e4tzlicher Cookie  in Ihrem Browser gespeichert. Dieser Cookie enth\u00e4lt keine  personenbezogenen Daten und verweist nur auf die Beitrags-ID des  Artikels, den Sie gerade bearbeitet haben. Der Cookie verf\u00e4llt nach einem  Tag.<\/p>\n\n\n\n<h3 class=\"wp-block-heading\">Eingebettete Inhalte von anderen Websites<\/h3>\n\n\n\n<p>Beitr\u00e4ge  auf dieser Website k\u00f6nnen eingebettete Inhalte beinhalten (z.&nbsp;B.  Videos, Bilder, Beitr\u00e4ge etc.). Eingebettete Inhalte von anderen  Websites verhalten sich exakt so, als ob der Besucher die andere Website  besucht h\u00e4tte.<\/p>\n\n\n\n<p>Diese Websites k\u00f6nnen Daten \u00fcber Sie sammeln,  Cookies benutzen, zus\u00e4tzliche Tracking-Dienste von Dritten einbetten und  Ihre Interaktion mit diesem eingebetteten Inhalt aufzeichnen,  inklusive Ihrer Interaktion mit dem eingebetteten Inhalt, falls Sie ein  Konto haben und auf dieser Website angemeldet sind.<\/p>\n\n\n\n<h3 class=\"wp-block-heading\">Analysedienste<\/h3>\n\n\n\n<p>Standardm\u00e4\u00dfig  sammelt WordPress keine Analysedaten. <\/p>\n\n\n\n<h2 class=\"wp-block-heading\">Mit wem wir Ihre Daten teilen<\/h2>\n\n\n\n<p>Standardm\u00e4\u00dfig teilt WordPress keinerlei personenbezogene Daten mit Dritten.<\/p>\n\n\n\n<h2 class=\"wp-block-heading\">Wie lange wir Ihre Daten speichern<\/h2>\n\n\n\n<p>F\u00fcr Benutzer, die sich auf\n unserer Website registrieren, speichern wir zus\u00e4tzlich die pers\u00f6nlichen\n Informationen, die sie in ihren Benutzerprofilen angeben. Alle Benutzer\n k\u00f6nnen jederzeit ihre pers\u00f6nlichen Informationen einsehen, ver\u00e4ndern \noder l\u00f6schen (der Benutzername kann nicht ver\u00e4ndert werden). \nAdministratoren der Website k\u00f6nnen diese Informationen ebenfalls \neinsehen und ver\u00e4ndern.<\/p>\n\n\n\n<h2 class=\"wp-block-heading\">Welche Rechte Sie Ihren Daten haben<\/h2>\n\n\n\n<p>Wenn  Sie ein Konto auf dieser Website besitzen oder Kommentare geschrieben  haben, k\u00f6nnen Sie einen Export Ihrer personenbezogenen Daten bei uns  anfordern, inklusive aller Daten, die Sie uns mitgeteilt haben. Dar\u00fcber  hinaus k\u00f6nnen Sie die L\u00f6schung aller personenbezogenen Daten, die wir von Ihnen gespeichert haben, anfordern. Dies umfasst nicht die Daten, die wir  aufgrund administrativer, rechtlicher oder sicherheitsrelevanter  Notwendigkeiten aufbewahren m\u00fcssen.<\/p>\n\n\n\n<h2 class=\"wp-block-heading\">Wohin wir die Daten senden<\/h2>\n\n\n\n<p>Es werden keine Daten versandt. Besucher-Kommentare k\u00f6nnten von einem automatisierten Dienst zur Spam-Erkennung untersucht werden.<\/p>\n\n\n\n<h2 class=\"wp-block-heading\">Kontakt-Informationen<\/h2>\n\n\n\n<p>Impressum: Johannes Rosenstein * mars13studios * Marsstr. 13 * 80335 M\u00fcnchen * Tel. 0895445 9980<\/p>\n\n\n\n<p><br><\/p>\n","protected":false},"excerpt":{"rendered":"<p>DATENSCHUTZERKL\u00c4RUNG Wer ich bin Die Adresse der Website ist: http:\/\/johannesrosenstein.de. Johannes Rosenstein ist Filmemacher, Regisseur, Autor. Er lebt in M\u00fcnchen und Berlin. Welche personenbezogenen Daten wir sammeln und warum wir [&hellip;]<\/p>\n","protected":false},"author":1,"featured_media":0,"parent":0,"menu_order":0,"comment_status":"closed","ping_status":"closed","template":"","meta":{"footnotes":""},"class_list":["post-13","page","type-page","status-publish","hentry"],"_links":{"self":[{"href":"http:\/\/johannesrosenstein.de\/index.php?rest_route=\/wp\/v2\/pages\/13","targetHints":{"allow":["GET"]}}],"collection":[{"href":"http:\/\/johannesrosenstein.de\/index.php?rest_route=\/wp\/v2\/pages"}],"about":[{"href":"http:\/\/johannesrosenstein.de\/index.php?rest_route=\/wp\/v2\/types\/page"}],"author":[{"embeddable":true,"href":"http:\/\/johannesrosenstein.de\/index.php?rest_route=\/wp\/v2\/users\/1"}],"replies":[{"embeddable":true,"href":"http:\/\/johannesrosenstein.de\/index.php?rest_route=%2Fwp%2Fv2%2Fcomments&post=13"}],"version-history":[{"count":5,"href":"http:\/\/johannesrosenstein.de\/index.php?rest_route=\/wp\/v2\/pages\/13\/revisions"}],"predecessor-version":[{"id":65,"href":"http:\/\/johannesrosenstein.de\/index.php?rest_route=\/wp\/v2\/pages\/13\/revisions\/65"}],"wp:attachment":[{"href":"http:\/\/johannesrosenstein.de\/index.php?rest_route=%2Fwp%2Fv2%2Fmedia&parent=13"}],"curies":[{"name":"wp","href":"https:\/\/api.w.org\/{rel}","templated":true}]}}